{"id":595,"date":"2026-03-31T16:08:50","date_gmt":"2026-03-31T15:08:50","guid":{"rendered":"https:\/\/store.lapalabrafinal.com\/?post_type=product&#038;p=595"},"modified":"2026-04-05T14:03:35","modified_gmt":"2026-04-05T13:03:35","slug":"taza-blanca-cocodrilo-farlopero","status":"publish","type":"product","link":"https:\/\/store.lapalabrafinal.com\/en\/product\/taza-blanca-cocodrilo-farlopero\/","title":{"rendered":"COCODRILO FARLOPERO TAZA"},"content":{"rendered":"<p>Tomate un relaxing cup of caf\u00e9 con leche en esta fabulosa taza<\/p>\n<p><b>EXCLUSIVA<\/b> de la tienda de <b>LAPALABRAFINAL<\/b>.<\/p>\n<p><\/p>\n<p>Tus ma\u00f1anas borrando spam e ignorando mails importantes nunca ser\u00e1n lo mismo! Comprala <b>YA<\/b> y compra <b>QUINCE<\/b>.<\/p>","protected":false},"excerpt":{"rendered":"<p>Tomate un relaxing cup of caf\u00e9 con leche en esta fabulosa taza EXCLUSIVA de la tienda de LAPALABRAFINAL. Tus ma\u00f1anas borrando spam e ignorando mails importantes nunca ser\u00e1n lo mismo! Comprala YA y compra QUINCE.<\/p>","protected":false},"featured_media":801,"template":"","meta":[],"product_brand":[],"product_cat":[15],"product_tag":[],"class_list":{"0":"post-595","1":"product","2":"type-product","3":"status-publish","4":"has-post-thumbnail","6":"product_cat-merchandising","8":"first","9":"instock","10":"taxable","11":"shipping-taxable","12":"purchasable","13":"product-type-simple"},"_links":{"self":[{"href":"https:\/\/store.lapalabrafinal.com\/en\/wp-json\/wp\/v2\/product\/595","targetHints":{"allow":["GET"]}}],"collection":[{"href":"https:\/\/store.lapalabrafinal.com\/en\/wp-json\/wp\/v2\/product"}],"about":[{"href":"https:\/\/store.lapalabrafinal.com\/en\/wp-json\/wp\/v2\/types\/product"}],"wp:featuredmedia":[{"embeddable":true,"href":"https:\/\/store.lapalabrafinal.com\/en\/wp-json\/wp\/v2\/media\/801"}],"wp:attachment":[{"href":"https:\/\/store.lapalabrafinal.com\/en\/wp-json\/wp\/v2\/media?parent=595"}],"wp:term":[{"taxonomy":"product_brand","embeddable":true,"href":"https:\/\/store.lapalabrafinal.com\/en\/wp-json\/wp\/v2\/product_brand?post=595"},{"taxonomy":"product_cat","embeddable":true,"href":"https:\/\/store.lapalabrafinal.com\/en\/wp-json\/wp\/v2\/product_cat?post=595"},{"taxonomy":"product_tag","embeddable":true,"href":"https:\/\/store.lapalabrafinal.com\/en\/wp-json\/wp\/v2\/product_tag?post=595"}],"curies":[{"name":"wp","href":"https:\/\/api.w.org\/{rel}","templated":true}]}}